{"id":124,"date":"2022-11-20T10:24:34","date_gmt":"2022-11-20T10:24:34","guid":{"rendered":"https:\/\/jawa.ch\/?page_id=124"},"modified":"2023-03-06T15:11:17","modified_gmt":"2023-03-06T15:11:17","slug":"hobby-fliegen-oldtimer","status":"publish","type":"page","link":"https:\/\/www.jawa.ch\/?page_id=124","title":{"rendered":"Oldtimer"},"content":{"rendered":"<h3>Oldtimer-Flugzeuge<\/h3>\n<h4>Zur\u00fcck zu den Wurzeln<\/h4>\n<p>Oldtimer-Flugzeuge sind gem\u00fctlich, fliegen langsam, k\u00f6nnen geringste Thermik ausnutzen, sind jedoch nicht unkritisch im Flugverhalten! J\u00fcngere Piloten schulen wir &#8222;R\u00fcckw\u00e4rts&#8220; auf einen Doppelsitzer R\u00f6hnlerche &#8222;R\u00f6hnstein&#8220;, dann auf einen Spatz L-55, dann eine Spaliger S15, dann eine SG-38 und schliesslich als Kr\u00f6nung der Pilotenlaufbahn auf den Aeero-Club-Z\u00f6gling. Gleitzahl 1:7, das ist ein besserer Gleitschirm! Zum vergleich: Meine private DG-800B hat eine Gleitzahl von &gt; 51 sprich mit 1000 Meter H\u00f6he fliege ich weiter als 50 Kilometer.<\/p>\n<p>Nachfolgend ein paar Bilder der von mir geflogenen Oldtimer.<\/p>\n<p><img loading=\"lazy\" decoding=\"async\" class=\"alignnone size-full wp-image-108\" src=\"https:\/\/jawa.ch\/wp-content\/uploads\/2022\/11\/68Roehnstei.png\" alt=\"\" width=\"943\" height=\"706\" srcset=\"https:\/\/www.jawa.ch\/wp-content\/uploads\/2022\/11\/68Roehnstei.png 943w, https:\/\/www.jawa.ch\/wp-content\/uploads\/2022\/11\/68Roehnstei-300x225.png 300w, https:\/\/www.jawa.ch\/wp-content\/uploads\/2022\/11\/68Roehnstei-768x575.png 768w\" sizes=\"auto, (max-width: 943px) 100vw, 943px\" \/><\/p>\n<p>R\u00f6hnlerche &#8222;R\u00f6hnstei&#8220; HB-1245 der Stiftung Segel-Flug-Geschichte <a href=\"http:\/\/www.segelfluggeschichte.ch\">www.segelfluggeschichte.ch<\/a><\/p>\n<p><img loading=\"lazy\" decoding=\"async\" class=\"alignnone size-full wp-image-109\" src=\"https:\/\/jawa.ch\/wp-content\/uploads\/2022\/11\/70K6.png\" alt=\"\" width=\"943\" height=\"706\" srcset=\"https:\/\/www.jawa.ch\/wp-content\/uploads\/2022\/11\/70K6.png 943w, https:\/\/www.jawa.ch\/wp-content\/uploads\/2022\/11\/70K6-300x225.png 300w, https:\/\/www.jawa.ch\/wp-content\/uploads\/2022\/11\/70K6-768x575.png 768w\" sizes=\"auto, (max-width: 943px) 100vw, 943px\" \/><\/p>\n<p>K6cr HB-850 Holz\/Kunststoff Ideal bei schwacher Thermik. Pendelh\u00f6henruder ist nerv\u00f6s, erfordert dauerndes Steuern und Korrigieren.<\/p>\n<p><img loading=\"lazy\" decoding=\"async\" class=\"alignnone size-full wp-image-110\" src=\"https:\/\/jawa.ch\/wp-content\/uploads\/2022\/11\/85-LSpatz-Ccourtelary.png\" alt=\"\" width=\"943\" height=\"706\" srcset=\"https:\/\/www.jawa.ch\/wp-content\/uploads\/2022\/11\/85-LSpatz-Ccourtelary.png 943w, https:\/\/www.jawa.ch\/wp-content\/uploads\/2022\/11\/85-LSpatz-Ccourtelary-300x225.png 300w, https:\/\/www.jawa.ch\/wp-content\/uploads\/2022\/11\/85-LSpatz-Ccourtelary-768x575.png 768w\" sizes=\"auto, (max-width: 943px) 100vw, 943px\" \/><\/p>\n<p>L-Spatz 55 HB-255 die Stiftung besitzt 2 Spatzen, einer total perfekt restauriert und der abgebildete Spatz als Training f\u00fcr die &#8222;Jungpiloten&#8220; zur R\u00fcckw\u00e4rtsschulung.<\/p>\n<p><img loading=\"lazy\" decoding=\"async\" class=\"alignnone size-full wp-image-111\" src=\"https:\/\/jawa.ch\/wp-content\/uploads\/2022\/11\/86-LSpatzAbflugbereit.png\" alt=\"\" width=\"943\" height=\"627\" srcset=\"https:\/\/www.jawa.ch\/wp-content\/uploads\/2022\/11\/86-LSpatzAbflugbereit.png 943w, https:\/\/www.jawa.ch\/wp-content\/uploads\/2022\/11\/86-LSpatzAbflugbereit-300x199.png 300w, https:\/\/www.jawa.ch\/wp-content\/uploads\/2022\/11\/86-LSpatzAbflugbereit-768x511.png 768w\" sizes=\"auto, (max-width: 943px) 100vw, 943px\" \/><\/p>\n<p>Hier bin ich beim Start mit Gummiseil von der Rigi-Kulm. Beschleunigung von 0 auf 70 km\/h auf 4 Meter Distanz! Dagegen ist ein Flugzeugtr\u00e4ger-Start ein Klacks!<\/p>\n<p><img loading=\"lazy\" decoding=\"async\" class=\"alignnone size-full wp-image-112\" src=\"https:\/\/jawa.ch\/wp-content\/uploads\/2022\/11\/87L-Spatz55-Rigistart.png\" alt=\"\" width=\"943\" height=\"629\" srcset=\"https:\/\/www.jawa.ch\/wp-content\/uploads\/2022\/11\/87L-Spatz55-Rigistart.png 943w, https:\/\/www.jawa.ch\/wp-content\/uploads\/2022\/11\/87L-Spatz55-Rigistart-300x200.png 300w, https:\/\/www.jawa.ch\/wp-content\/uploads\/2022\/11\/87L-Spatz55-Rigistart-768x512.png 768w\" sizes=\"auto, (max-width: 943px) 100vw, 943px\" \/><\/p>\n<p>Und ab geht die Post am Rigi &#8211; gelandet bin ich dann am Lauerzersee im Kanton Schwyz.<\/p>\n<p><img loading=\"lazy\" decoding=\"async\" class=\"alignnone size-full wp-image-113\" src=\"https:\/\/jawa.ch\/wp-content\/uploads\/2022\/11\/51-Zoegling.png\" alt=\"\" width=\"943\" height=\"706\" srcset=\"https:\/\/www.jawa.ch\/wp-content\/uploads\/2022\/11\/51-Zoegling.png 943w, https:\/\/www.jawa.ch\/wp-content\/uploads\/2022\/11\/51-Zoegling-300x225.png 300w, https:\/\/www.jawa.ch\/wp-content\/uploads\/2022\/11\/51-Zoegling-768x575.png 768w\" sizes=\"auto, (max-width: 943px) 100vw, 943px\" \/><\/p>\n<p>Der Aero-Club-Z\u00f6gling. HB-449 (Hohe Nummer, weil wir vom Verkehrshaus ein H\u00f6hen- und Seitenleitwerk erhalten haben). Konstruktion 1924.<\/p>\n<p><img loading=\"lazy\" decoding=\"async\" class=\"alignnone size-full wp-image-114\" src=\"https:\/\/jawa.ch\/wp-content\/uploads\/2022\/11\/40SG38.png\" alt=\"\" width=\"943\" height=\"706\" srcset=\"https:\/\/www.jawa.ch\/wp-content\/uploads\/2022\/11\/40SG38.png 943w, https:\/\/www.jawa.ch\/wp-content\/uploads\/2022\/11\/40SG38-300x225.png 300w, https:\/\/www.jawa.ch\/wp-content\/uploads\/2022\/11\/40SG38-768x575.png 768w\" sizes=\"auto, (max-width: 943px) 100vw, 943px\" \/><\/p>\n<p>Die SG-38 (Baujahr 1938) ist im Besitz des Baden-W\u00fcrtenbergischen Luftsport-Vereins. Dieses Flugzeug kann mit einem &#8222;langsamen&#8220; Schlepper hochgezogen werden.<\/p>\n<p>Nach drei Gummiseil-Starts habe ich einen Schlepp auf 1&#8217;000 Meter \u00fcber Grund gewagt. das ganze wurde Dokumentiert und ich habe es mit diesem Flug auf die Titelseite des Fliegermagazins &#8222;der adler&#8220; gebracht!<\/p>\n<figure id=\"attachment_146\" aria-describedby=\"caption-attachment-146\" style=\"width: 453px\" class=\"wp-caption alignnone\"><img loading=\"lazy\" decoding=\"async\" class=\"size-full wp-image-146\" src=\"https:\/\/jawa.ch\/wp-content\/uploads\/2022\/11\/Unbenannt.jpg\" alt=\"\" width=\"453\" height=\"604\" srcset=\"https:\/\/www.jawa.ch\/wp-content\/uploads\/2022\/11\/Unbenannt.jpg 453w, https:\/\/www.jawa.ch\/wp-content\/uploads\/2022\/11\/Unbenannt-225x300.jpg 225w\" sizes=\"auto, (max-width: 453px) 100vw, 453px\" \/><figcaption id=\"caption-attachment-146\" class=\"wp-caption-text\">Weiter Oldtimer werden folgen, beispielsweise Moswey, Spalinger-Modelle, Elfen usw.<\/figcaption><\/figure>\n<p>&nbsp;<\/p>\n<p>&nbsp;<\/p>\n<p>&nbsp;<\/p>\n","protected":false},"excerpt":{"rendered":"<p>Oldtimer-Flugzeuge Zur\u00fcck zu den Wurzeln Oldtimer-Flugzeuge sind gem\u00fctlich, fliegen langsam, k\u00f6nnen geringste Thermik ausnutzen, sind jedoch nicht unkritisch im Flugverhalten! J\u00fcngere Piloten schulen wir &#8222;R\u00fcckw\u00e4rts&#8220; auf einen Doppelsitzer R\u00f6hnlerche &#8222;R\u00f6hnstein&#8220;, dann auf einen Spatz L-55, dann eine Spaliger S15, dann eine SG-38 und schliesslich als Kr\u00f6nung der Pilotenlaufbahn auf den Aeero-Club-Z\u00f6gling. Gleitzahl 1:7, das ist [&hellip;]<\/p>\n","protected":false},"author":1,"featured_media":0,"parent":0,"menu_order":0,"comment_status":"closed","ping_status":"closed","template":"","meta":{"footnotes":""},"class_list":["post-124","page","type-page","status-publish","hentry"],"_links":{"self":[{"href":"https:\/\/www.jawa.ch\/index.php?rest_route=\/wp\/v2\/pages\/124","targetHints":{"allow":["GET"]}}],"collection":[{"href":"https:\/\/www.jawa.ch\/index.php?rest_route=\/wp\/v2\/pages"}],"about":[{"href":"https:\/\/www.jawa.ch\/index.php?rest_route=\/wp\/v2\/types\/page"}],"author":[{"embeddable":true,"href":"https:\/\/www.jawa.ch\/index.php?rest_route=\/wp\/v2\/users\/1"}],"replies":[{"embeddable":true,"href":"https:\/\/www.jawa.ch\/index.php?rest_route=%2Fwp%2Fv2%2Fcomments&post=124"}],"version-history":[{"count":11,"href":"https:\/\/www.jawa.ch\/index.php?rest_route=\/wp\/v2\/pages\/124\/revisions"}],"predecessor-version":[{"id":165,"href":"https:\/\/www.jawa.ch\/index.php?rest_route=\/wp\/v2\/pages\/124\/revisions\/165"}],"wp:attachment":[{"href":"https:\/\/www.jawa.ch\/index.php?rest_route=%2Fwp%2Fv2%2Fmedia&parent=124"}],"curies":[{"name":"wp","href":"https:\/\/api.w.org\/{rel}","templated":true}]}}