{"id":120,"date":"2022-11-20T10:22:38","date_gmt":"2022-11-20T10:22:38","guid":{"rendered":"https:\/\/jawa.ch\/?page_id=120"},"modified":"2023-03-06T15:13:12","modified_gmt":"2023-03-06T15:13:12","slug":"hobby-fliegen-die-segelflugzeuge","status":"publish","type":"page","link":"https:\/\/www.jawa.ch\/?page_id=120","title":{"rendered":"Motorflugzeuge"},"content":{"rendered":"<h3><img loading=\"lazy\" decoding=\"async\" class=\"alignnone size-full wp-image-153\" src=\"https:\/\/jawa.ch\/wp-content\/uploads\/2022\/11\/96Buecker.png\" alt=\"\" width=\"943\" height=\"706\" srcset=\"https:\/\/www.jawa.ch\/wp-content\/uploads\/2022\/11\/96Buecker.png 943w, https:\/\/www.jawa.ch\/wp-content\/uploads\/2022\/11\/96Buecker-300x225.png 300w, https:\/\/www.jawa.ch\/wp-content\/uploads\/2022\/11\/96Buecker-768x575.png 768w\" sizes=\"auto, (max-width: 943px) 100vw, 943px\" \/><\/h3>\n<p>Eine B\u00fccker darf nicht fehlen! Mit Helmut Anderegg\u2020 habe ich gemeinsam Akro geflogen. Leider ist Helmut bei einer Vorf\u00fchrung mit seiner Pits S1 schwer verungl\u00fcckt und war danach viele Jahre im Rollstuhl.<\/p>\n<h3><img loading=\"lazy\" decoding=\"async\" class=\"alignnone size-full wp-image-154\" src=\"https:\/\/jawa.ch\/wp-content\/uploads\/2022\/11\/97Gyro.png\" alt=\"\" width=\"943\" height=\"706\" srcset=\"https:\/\/www.jawa.ch\/wp-content\/uploads\/2022\/11\/97Gyro.png 943w, https:\/\/www.jawa.ch\/wp-content\/uploads\/2022\/11\/97Gyro-300x225.png 300w, https:\/\/www.jawa.ch\/wp-content\/uploads\/2022\/11\/97Gyro-768x575.png 768w\" sizes=\"auto, (max-width: 943px) 100vw, 943px\" \/><\/h3>\n<p>Ein Girocopter von meinem Freund Patrick &#8211; hier bei einem Flug nach Bressoucurt. In der Zwischenzeit hat er einen 2., geschlossenen Girocopter ebenfalls von Magna (Spanien).<\/p>\n<h3><img loading=\"lazy\" decoding=\"async\" class=\"alignnone size-full wp-image-155\" src=\"https:\/\/jawa.ch\/wp-content\/uploads\/2022\/11\/102-Hobbyliner-1.png\" alt=\"\" width=\"943\" height=\"595\" srcset=\"https:\/\/www.jawa.ch\/wp-content\/uploads\/2022\/11\/102-Hobbyliner-1.png 943w, https:\/\/www.jawa.ch\/wp-content\/uploads\/2022\/11\/102-Hobbyliner-1-300x189.png 300w, https:\/\/www.jawa.ch\/wp-content\/uploads\/2022\/11\/102-Hobbyliner-1-768x485.png 768w\" sizes=\"auto, (max-width: 943px) 100vw, 943px\" \/><\/h3>\n<p>Diese wunderbare Maschine Hobby-einer 23 war nur kurz im Einsatz. Schubantrieb mit Porsche-Motor, exzellente Sicht nach aussen. Leider in der Schweiz nur f\u00fcr 750 kg Abfluggewicht zugelassen, in der EU sind es 850 kg. Dadurch musste das Flugzeug mit geringen Benzinmengen geflogen werden. Prompt hat es ein Pilot nicht mehr zur\u00fcck zum Flugplatz geschafft und bei der Notlandung den Flieger zerst\u00f6rt!<\/p>\n<p><img loading=\"lazy\" decoding=\"async\" class=\"alignnone size-full wp-image-68\" src=\"https:\/\/jawa.ch\/wp-content\/uploads\/2022\/11\/HB-YDU.png\" alt=\"\" width=\"943\" height=\"706\" srcset=\"https:\/\/www.jawa.ch\/wp-content\/uploads\/2022\/11\/HB-YDU.png 943w, https:\/\/www.jawa.ch\/wp-content\/uploads\/2022\/11\/HB-YDU-300x225.png 300w, https:\/\/www.jawa.ch\/wp-content\/uploads\/2022\/11\/HB-YDU-768x575.png 768w\" sizes=\"auto, (max-width: 943px) 100vw, 943px\" \/><\/p>\n<p>Eigenbau-Flugzeug Cherry BX-2 Konstrukteur Max Br\u00e4ndli, Erbauer Paul Berner und seine Frau. Nach dem Tod von Paul (Absturz mit Segelflugzeug) haben wir zu Viert das Flugzeug \u00fcbernommen. Viele sch\u00f6ne Fl\u00fcge haben Brigitte und ich damit gemacht. Das Flugzeug fliegt sich wie ein &#8222;Hunter-Jagdflugzeug&#8220;, nur viel langsamer. Die Steuerung ist extrem direkt und leichtg\u00e4ngig. Anfangs mussten wir den Motor durch drehen am Propeller starten, aktuell wird das Flugzeug von Marc geflogen. Er hat es umgebaut auf einen Motor mit elektrischem Anlasser sowie einem Glas-Cockpit.<\/p>\n<p><img loading=\"lazy\" decoding=\"async\" class=\"alignnone size-full wp-image-69\" src=\"https:\/\/jawa.ch\/wp-content\/uploads\/2022\/11\/HB-WAR.png\" alt=\"\" width=\"318\" height=\"239\" srcset=\"https:\/\/www.jawa.ch\/wp-content\/uploads\/2022\/11\/HB-WAR.png 318w, https:\/\/www.jawa.ch\/wp-content\/uploads\/2022\/11\/HB-WAR-300x225.png 300w\" sizes=\"auto, (max-width: 318px) 100vw, 318px\" \/><\/p>\n<p>Bravo AS-22<\/p>\n<p>MCR01 &#8211; Schleppflugzeug der SG Solothurn. Turbo-Motor mit 115 PS. Schneller Tiefdecker.<\/p>\n<p>Weitere Flieger: Ikarus C43 (war Mitbesitzer)<\/p>\n<p>Piper Super Cup<\/p>\n<p>Robin DR400<\/p>\n<p>Piper Archer II und III<\/p>\n<p>Piper Arrow<\/p>\n<p>&nbsp;<\/p>\n","protected":false},"excerpt":{"rendered":"<p>Eine B\u00fccker darf nicht fehlen! Mit Helmut Anderegg\u2020 habe ich gemeinsam Akro geflogen. Leider ist Helmut bei einer Vorf\u00fchrung mit seiner Pits S1 schwer verungl\u00fcckt und war danach viele Jahre im Rollstuhl. Ein Girocopter von meinem Freund Patrick &#8211; hier bei einem Flug nach Bressoucurt. In der Zwischenzeit hat er einen 2., geschlossenen Girocopter ebenfalls [&hellip;]<\/p>\n","protected":false},"author":1,"featured_media":0,"parent":0,"menu_order":0,"comment_status":"closed","ping_status":"closed","template":"","meta":{"footnotes":""},"class_list":["post-120","page","type-page","status-publish","hentry"],"_links":{"self":[{"href":"https:\/\/www.jawa.ch\/index.php?rest_route=\/wp\/v2\/pages\/120","targetHints":{"allow":["GET"]}}],"collection":[{"href":"https:\/\/www.jawa.ch\/index.php?rest_route=\/wp\/v2\/pages"}],"about":[{"href":"https:\/\/www.jawa.ch\/index.php?rest_route=\/wp\/v2\/types\/page"}],"author":[{"embeddable":true,"href":"https:\/\/www.jawa.ch\/index.php?rest_route=\/wp\/v2\/users\/1"}],"replies":[{"embeddable":true,"href":"https:\/\/www.jawa.ch\/index.php?rest_route=%2Fwp%2Fv2%2Fcomments&post=120"}],"version-history":[{"count":13,"href":"https:\/\/www.jawa.ch\/index.php?rest_route=\/wp\/v2\/pages\/120\/revisions"}],"predecessor-version":[{"id":168,"href":"https:\/\/www.jawa.ch\/index.php?rest_route=\/wp\/v2\/pages\/120\/revisions\/168"}],"wp:attachment":[{"href":"https:\/\/www.jawa.ch\/index.php?rest_route=%2Fwp%2Fv2%2Fmedia&parent=120"}],"curies":[{"name":"wp","href":"https:\/\/api.w.org\/{rel}","templated":true}]}}