{"id":12,"date":"2022-11-06T15:01:48","date_gmt":"2022-11-06T15:01:48","guid":{"rendered":"https:\/\/jawa.ch\/?page_id=12"},"modified":"2023-03-06T15:09:41","modified_gmt":"2023-03-06T15:09:41","slug":"hobby-fliegen","status":"publish","type":"page","link":"https:\/\/www.jawa.ch\/?page_id=12","title":{"rendered":"FLIEGEN &#8211; Beginn"},"content":{"rendered":"<h3><strong>Diese Seiten handeln von meiner Leidenschaft, dem Fliegen.<\/strong><\/h3>\n<h4>Wie alles begann<\/h4>\n<p>Die nachfolgenden Bilder zeigen alle Flugzeugtypen auf, welche ich jemals geflogen bin. Leider habe ich nicht von allen Flugzeugen Original-Bilder, so dass ich bei einigen Flugzeugen auf Bilder von Wikipedia zur\u00fcckgreifen musste.<\/p>\n<p>Meine &#8222;fliegerische&#8220; Karriere begann mit Papier- und Modellflugzeugen wie der &#8222;Kleine UHU&#8220;, &#8222;Beginner&#8220;, &#8222;Geier&#8220; usw.<\/p>\n<p>Mein erster richtiger Flug habe ich mit gespartem Sackgeld von CHF 20.- Franken &#8222;gekauft&#8220; auf dem Flugplatz Thun. Der Pilot war Matthias Floor, welcher mit mir mehr als nur eine Lufttaufe geflogen ist (ca. 1 Stunde). Sp\u00e4ter wurde dieser nette Pilot ein Guter Freund meiner Eltern und hat mich gegen den Willen der Eltern in der Fliegerei unterst\u00fctzt!<\/p>\n<p><img loading=\"lazy\" decoding=\"async\" class=\"alignnone size-full wp-image-75\" src=\"https:\/\/jawa.ch\/wp-content\/uploads\/2022\/11\/1-Cesna-152-1.png\" alt=\"\" width=\"943\" height=\"706\" srcset=\"https:\/\/www.jawa.ch\/wp-content\/uploads\/2022\/11\/1-Cesna-152-1.png 943w, https:\/\/www.jawa.ch\/wp-content\/uploads\/2022\/11\/1-Cesna-152-1-300x225.png 300w, https:\/\/www.jawa.ch\/wp-content\/uploads\/2022\/11\/1-Cesna-152-1-768x575.png 768w\" sizes=\"auto, (max-width: 943px) 100vw, 943px\" \/><\/p>\n<p>ca. 1968 erfolgte meine &#8222;Lufttaufe&#8220; mit der Cesna 152. Pilot Matthias Floor. Erste Ber\u00fchrung mit dem Steuerhorn &#8211; eigentlich ist Fliegen einfach&#8230;<\/p>\n<p>Das n\u00e4chste Flugerlebnis war ein abenteuerlicher Flug in ex Jugoslawien, ab Vrsar ca. 1975<\/p>\n<p><img loading=\"lazy\" decoding=\"async\" class=\"alignnone size-full wp-image-77\" src=\"https:\/\/jawa.ch\/wp-content\/uploads\/2022\/11\/2-Antonov-AN2-ex.-Jugoslavien.png\" alt=\"\" width=\"943\" height=\"458\" srcset=\"https:\/\/www.jawa.ch\/wp-content\/uploads\/2022\/11\/2-Antonov-AN2-ex.-Jugoslavien.png 943w, https:\/\/www.jawa.ch\/wp-content\/uploads\/2022\/11\/2-Antonov-AN2-ex.-Jugoslavien-300x146.png 300w, https:\/\/www.jawa.ch\/wp-content\/uploads\/2022\/11\/2-Antonov-AN2-ex.-Jugoslavien-768x373.png 768w\" sizes=\"auto, (max-width: 943px) 100vw, 943px\" \/><\/p>\n<p><img loading=\"lazy\" decoding=\"async\" class=\"alignnone size-full wp-image-78\" src=\"https:\/\/jawa.ch\/wp-content\/uploads\/2022\/11\/2-Antonov-AN2-Motor.png\" alt=\"\" width=\"943\" height=\"529\" srcset=\"https:\/\/www.jawa.ch\/wp-content\/uploads\/2022\/11\/2-Antonov-AN2-Motor.png 943w, https:\/\/www.jawa.ch\/wp-content\/uploads\/2022\/11\/2-Antonov-AN2-Motor-300x168.png 300w, https:\/\/www.jawa.ch\/wp-content\/uploads\/2022\/11\/2-Antonov-AN2-Motor-768x431.png 768w\" sizes=\"auto, (max-width: 943px) 100vw, 943px\" \/><\/p>\n<p><img loading=\"lazy\" decoding=\"async\" class=\"alignnone wp-image-79\" src=\"https:\/\/jawa.ch\/wp-content\/uploads\/2022\/11\/2-Antonov-AN2-Cockpit.png\" alt=\"\" width=\"296\" height=\"526\" srcset=\"https:\/\/www.jawa.ch\/wp-content\/uploads\/2022\/11\/2-Antonov-AN2-Cockpit.png 447w, https:\/\/www.jawa.ch\/wp-content\/uploads\/2022\/11\/2-Antonov-AN2-Cockpit-169x300.png 169w\" sizes=\"auto, (max-width: 296px) 100vw, 296px\" \/><\/p>\n<p>Leider ist nicht mehr so viel \u00fcbrig von dieser Antonov AN-2 in Vrsar ex Jugoslawien. Ich war da Co-Pilot bei einer Zwischenlandung in einem ausgetrockneten Flussbett! Die Antonov ist das Russische Arbeitspferd schlechthin, ca. 5&#8217;000 St\u00fcck wurden von diesem Doppeldecker gebaut. Vergleichbar ist dieses Flugzeug mit einer DC-3.<\/p>\n<p>Leider fehlte mir als Lehrling und sp\u00e4ter als Student das Geld, um selber das Fliegen erlernen zu k\u00f6nnen.<\/p>\n<p>Erst nach meinem Abschluss des Studiums zum Ingenieur an Technikum in Biel habe ich bei der Firma Sulzer zu arbeiten begonnen und etwas mehr Geld verdient.<\/p>\n<p>Ich habe auf dem Flugplatz Grenchen bei der Segel- und Motorflugschule das Fliegen gelernt. Die ersten 22 selbstgesteuerten Fl\u00fcge habe ich auf dem Motorsegler ASK-16 von Schleicher gemacht. Nicht ganz einfach, gleich von Beginn weg ein &#8222;Motorflugzeug&#8220; mit Einzeifahrwerk und Verstellpropeller zu fliegen! Doch f\u00fcr das Start- und Landetraining im 5-Minuten-Takt (je Volte) war es ideal.<\/p>\n<p><img loading=\"lazy\" decoding=\"async\" class=\"alignnone size-full wp-image-81\" src=\"https:\/\/jawa.ch\/wp-content\/uploads\/2022\/11\/3-ASK16-MS.png\" alt=\"\" width=\"943\" height=\"706\" srcset=\"https:\/\/www.jawa.ch\/wp-content\/uploads\/2022\/11\/3-ASK16-MS.png 943w, https:\/\/www.jawa.ch\/wp-content\/uploads\/2022\/11\/3-ASK16-MS-300x225.png 300w, https:\/\/www.jawa.ch\/wp-content\/uploads\/2022\/11\/3-ASK16-MS-768x575.png 768w\" sizes=\"auto, (max-width: 943px) 100vw, 943px\" \/><\/p>\n<p>Am 7. April 1979 begann meine fliegerische Ausbildung zum Pilot auf der ASK-16 HB-2002 und HB-2033 der SMG.<\/p>\n<p>Anmerkung: HB-2002 ist 2003 in Bern verunfallt &#8211; Totalschaden.\u00a0HB-2033 ist 2021 bei Wangen Lachen im Z\u00fcrisee gelandet&#8230; das war das wirtschaftliche Ende f\u00fcr diesen Flieger.<\/p>\n<p>Am 19. Mai 1979 begann das Segelfliegen. Als Schulungsflugzeug wurde das Doppelsitzer-Schulflugzeug ASK-13 von Schleicher verwendet. die SMG besass davon 2 St\u00fcck.<\/p>\n<p><img loading=\"lazy\" decoding=\"async\" class=\"alignnone size-full wp-image-92\" src=\"https:\/\/jawa.ch\/wp-content\/uploads\/2022\/11\/4-ASK-13-HB926.png\" alt=\"\" width=\"943\" height=\"385\" srcset=\"https:\/\/www.jawa.ch\/wp-content\/uploads\/2022\/11\/4-ASK-13-HB926.png 943w, https:\/\/www.jawa.ch\/wp-content\/uploads\/2022\/11\/4-ASK-13-HB926-300x122.png 300w, https:\/\/www.jawa.ch\/wp-content\/uploads\/2022\/11\/4-ASK-13-HB926-768x314.png 768w\" sizes=\"auto, (max-width: 943px) 100vw, 943px\" \/><\/p>\n<p>ASK-13 HB-926 und HB-989 der SMG<\/p>\n<p>Am 5. August 1979 habe ich mit den vorgeschriebenen zwei Pr\u00fcfungsfl\u00fcgen (Flug Nr. 90 Solo &amp; 91 Doppelsteuer mit Experte) die Segelflugpr\u00fcfung bestanden!<\/p>\n<p><img loading=\"lazy\" decoding=\"async\" class=\"alignnone size-full wp-image-85\" src=\"https:\/\/jawa.ch\/wp-content\/uploads\/2022\/11\/5-Schleicher-K8-HB778-884-792-695-1308.png\" alt=\"\" width=\"943\" height=\"629\" srcset=\"https:\/\/www.jawa.ch\/wp-content\/uploads\/2022\/11\/5-Schleicher-K8-HB778-884-792-695-1308.png 943w, https:\/\/www.jawa.ch\/wp-content\/uploads\/2022\/11\/5-Schleicher-K8-HB778-884-792-695-1308-300x200.png 300w, https:\/\/www.jawa.ch\/wp-content\/uploads\/2022\/11\/5-Schleicher-K8-HB778-884-792-695-1308-768x512.png 768w\" sizes=\"auto, (max-width: 943px) 100vw, 943px\" \/><\/p>\n<p>Schleicher K8 &#8211; Diverse verschiedene Flugzeuge. HB-695 (Stiftung Segelflug-Geschichte), HB-778, HB-792, HB-884, HB-1032<\/p>\n<p><img loading=\"lazy\" decoding=\"async\" class=\"alignnone size-full wp-image-87\" src=\"https:\/\/jawa.ch\/wp-content\/uploads\/2022\/11\/6-ASK-19-HB1344-1479-1342-1344.png\" alt=\"\" width=\"943\" height=\"999\" \/><\/p>\n<p>&nbsp;<\/p>\n<p><img loading=\"lazy\" decoding=\"async\" class=\"alignnone wp-image-161\" src=\"https:\/\/jawa.ch\/wp-content\/uploads\/2023\/03\/60566_146791455357627_3742522_n.jpg\" alt=\"\" width=\"597\" height=\"388\" srcset=\"https:\/\/www.jawa.ch\/wp-content\/uploads\/2023\/03\/60566_146791455357627_3742522_n.jpg 600w, https:\/\/www.jawa.ch\/wp-content\/uploads\/2023\/03\/60566_146791455357627_3742522_n-300x195.jpg 300w\" sizes=\"auto, (max-width: 597px) 100vw, 597px\" \/><\/p>\n<p>HB-1342, HB-1344. HB-1479 der SMG, &#8222;letzte&#8220; h\u00f6lzerne Segelflieger von Schleicher. Speziell: Laminarprofil &#8211; fliegt oder fliegt nicht. Kritisch bei Unterschreiten der Mindestgeschwindigkeit. Zwei dieser drei SMG-Flugzeuge sind im Jura in den Wald abgest\u00fcrzt. 1 Pilotin verletzt, der andere Pilot hat den Genickbruch beim Aufschlag in den Wald nicht \u00fcberlebt.<\/p>\n<p><img loading=\"lazy\" decoding=\"async\" class=\"alignnone size-full wp-image-89\" src=\"https:\/\/jawa.ch\/wp-content\/uploads\/2022\/11\/8-Diamant-18M.png\" alt=\"\" width=\"943\" height=\"533\" srcset=\"https:\/\/www.jawa.ch\/wp-content\/uploads\/2022\/11\/8-Diamant-18M.png 943w, https:\/\/www.jawa.ch\/wp-content\/uploads\/2022\/11\/8-Diamant-18M-300x170.png 300w, https:\/\/www.jawa.ch\/wp-content\/uploads\/2022\/11\/8-Diamant-18M-768x434.png 768w\" sizes=\"auto, (max-width: 943px) 100vw, 943px\" \/><\/p>\n<p>1981: Diamant HB-994 16.5 Meter Spannweite. In der Stiftung Segelfluggeschichte haben wir einen Diamant mit 18 Meter Spannweite.<\/p>\n<p>WOW &#8211; was f\u00fcr ein Unterschied zu einer K8. Hochleistungsflugzeug mit Gleitwinkel &gt; 1:44. Die v\u00f6llig liegende Position ist jedoch gew\u00f6hnungsbed\u00fcrftig.<\/p>\n<p>Diese Schweizer Konstruktion ist komplett aus Glasfaser-Kunststoff (GFK) gefertigt. Da die Erfahrungen mit diesem Material noch gering waren, wurde &#8222;grossz\u00fcgig&#8220; Harz und Glas verarbeitet. H\u00e4tte das Flugzeug gekauft, wenn die Montage \/ Demontage der Fl\u00fcgel nicht so &#8222;gewichtig&#8220; gewesen w\u00e4re. Alle Fliegerkollegen haben sich &#8222;verdr\u00fcckt&#8220;, wenn Du mit diesem Flieger im Anh\u00e4nger auf dem Platz erschienen bist&#8230; keiner wollte sich einen Bruch heben.<\/p>\n<p><img loading=\"lazy\" decoding=\"async\" class=\"alignnone size-full wp-image-93\" src=\"https:\/\/jawa.ch\/wp-content\/uploads\/2022\/11\/7-ASK-21-HB-1554-1689.png\" alt=\"\" width=\"943\" height=\"552\" srcset=\"https:\/\/www.jawa.ch\/wp-content\/uploads\/2022\/11\/7-ASK-21-HB-1554-1689.png 943w, https:\/\/www.jawa.ch\/wp-content\/uploads\/2022\/11\/7-ASK-21-HB-1554-1689-300x176.png 300w, https:\/\/www.jawa.ch\/wp-content\/uploads\/2022\/11\/7-ASK-21-HB-1554-1689-768x450.png 768w\" sizes=\"auto, (max-width: 943px) 100vw, 943px\" \/> <img loading=\"lazy\" decoding=\"async\" class=\"alignnone size-full wp-image-94\" src=\"https:\/\/jawa.ch\/wp-content\/uploads\/2022\/11\/7-ASK-21-HB-3026.png\" alt=\"\" width=\"943\" height=\"391\" srcset=\"https:\/\/www.jawa.ch\/wp-content\/uploads\/2022\/11\/7-ASK-21-HB-3026.png 943w, https:\/\/www.jawa.ch\/wp-content\/uploads\/2022\/11\/7-ASK-21-HB-3026-300x124.png 300w, https:\/\/www.jawa.ch\/wp-content\/uploads\/2022\/11\/7-ASK-21-HB-3026-768x318.png 768w\" sizes=\"auto, (max-width: 943px) 100vw, 943px\" \/><\/p>\n<p>Das Schulflugzeug der letzten 40 Jahre schlechthin: Der Doppelsitzer ASK-21 von Schleicher. Einfach zu fliegen, Harmlos in kritischen Fluglagen.<\/p>\n<p>HB-1554, HB-1689, HB-3026 u.v.m da fast jeder Verein eine solche Maschine besitzt.<\/p>\n<p><img loading=\"lazy\" decoding=\"async\" class=\"alignnone size-full wp-image-99\" src=\"https:\/\/jawa.ch\/wp-content\/uploads\/2022\/11\/ASW-19.png\" alt=\"\" width=\"943\" height=\"706\" srcset=\"https:\/\/www.jawa.ch\/wp-content\/uploads\/2022\/11\/ASW-19.png 943w, https:\/\/www.jawa.ch\/wp-content\/uploads\/2022\/11\/ASW-19-300x225.png 300w, https:\/\/www.jawa.ch\/wp-content\/uploads\/2022\/11\/ASW-19-768x575.png 768w\" sizes=\"auto, (max-width: 943px) 100vw, 943px\" \/><\/p>\n<p><img loading=\"lazy\" decoding=\"async\" class=\"alignnone size-full wp-image-100\" src=\"https:\/\/jawa.ch\/wp-content\/uploads\/2022\/11\/ASW-19-2.png\" alt=\"\" width=\"943\" height=\"235\" srcset=\"https:\/\/www.jawa.ch\/wp-content\/uploads\/2022\/11\/ASW-19-2.png 943w, https:\/\/www.jawa.ch\/wp-content\/uploads\/2022\/11\/ASW-19-2-300x75.png 300w, https:\/\/www.jawa.ch\/wp-content\/uploads\/2022\/11\/ASW-19-2-768x191.png 768w\" sizes=\"auto, (max-width: 943px) 100vw, 943px\" \/><\/p>\n<p>ASW-19 &#8211; davon hatte die SMG drei St\u00fcck. Tolle Flieger der 15-Meter Standardklasse. Damit habe ich hunderte von Stunden geflogen!<\/p>\n<p>HB-1379, HB-1422 und HB-1478<\/p>\n<p>Testflug mit einer ASW-24, Einweisung durch Willi Barth<\/p>\n<p><img loading=\"lazy\" decoding=\"async\" class=\"alignnone size-full wp-image-102\" src=\"https:\/\/jawa.ch\/wp-content\/uploads\/2022\/11\/100-AWW24.png\" alt=\"\" width=\"943\" height=\"629\" srcset=\"https:\/\/www.jawa.ch\/wp-content\/uploads\/2022\/11\/100-AWW24.png 943w, https:\/\/www.jawa.ch\/wp-content\/uploads\/2022\/11\/100-AWW24-300x200.png 300w, https:\/\/www.jawa.ch\/wp-content\/uploads\/2022\/11\/100-AWW24-768x512.png 768w\" sizes=\"auto, (max-width: 943px) 100vw, 943px\" \/><\/p>\n<p>HB-3024 &#8211; kaum Querruderwirkung beim Start. Die SMG hat 2 dieser Flieger gekauft, mit Klapptriebwerk. Als Eigenstarter ungeeignet, als Flautenschieber ok. Sp\u00e4ter hat der Verein die Motoren ausgebaut. Kennzeichen: HB-2181 und HB-2182.<\/p>\n<p><img loading=\"lazy\" decoding=\"async\" class=\"alignnone size-full wp-image-103\" src=\"https:\/\/jawa.ch\/wp-content\/uploads\/2022\/11\/101Pik30.png\" alt=\"\" width=\"943\" height=\"564\" srcset=\"https:\/\/www.jawa.ch\/wp-content\/uploads\/2022\/11\/101Pik30.png 943w, https:\/\/www.jawa.ch\/wp-content\/uploads\/2022\/11\/101Pik30-300x179.png 300w, https:\/\/www.jawa.ch\/wp-content\/uploads\/2022\/11\/101Pik30-768x459.png 768w\" sizes=\"auto, (max-width: 943px) 100vw, 943px\" \/><\/p>\n<p>Eigenstarter PIK 30 Vorf\u00fchrflieger. Aus- und Einfahren des Motors mit Handkurbel. Sehr simpel. Allerdings wurde dieses Modell kein Erfolg.<\/p>\n<p>Zuviel Abst\u00fcrze des Vorg\u00e4ngermodells PIK 20 haben das Vertrauen zerst\u00f6rt.<\/p>\n<p><img loading=\"lazy\" decoding=\"async\" class=\"alignnone size-full wp-image-104\" src=\"https:\/\/jawa.ch\/wp-content\/uploads\/2022\/11\/102-Hobbyliner.png\" alt=\"\" width=\"943\" height=\"595\" srcset=\"https:\/\/www.jawa.ch\/wp-content\/uploads\/2022\/11\/102-Hobbyliner.png 943w, https:\/\/www.jawa.ch\/wp-content\/uploads\/2022\/11\/102-Hobbyliner-300x189.png 300w, https:\/\/www.jawa.ch\/wp-content\/uploads\/2022\/11\/102-Hobbyliner-768x485.png 768w\" sizes=\"auto, (max-width: 943px) 100vw, 943px\" \/><\/p>\n<p>Noch so ein Exot. Motorsegler, 2 Sitzer. Porschemotor im Heck. Super Sicht nach aussen. Problem: 850 Kg Abflugmasse in der EU, 750 Kg in der Schweiz. Dadurch musste beim Tanken &#8222;gespart&#8220; werden. Das Flugzeug wurde durch die SMG Vermietet, wegen Benzinmangels hat sp\u00e4ter ein Pilot die Maschine in ein Feld gesetzt und dabei zerst\u00f6rt.<\/p>\n<p><img loading=\"lazy\" decoding=\"async\" class=\"alignnone size-full wp-image-105\" src=\"https:\/\/jawa.ch\/wp-content\/uploads\/2022\/11\/Arcus-ES.png\" alt=\"\" width=\"943\" height=\"412\" srcset=\"https:\/\/www.jawa.ch\/wp-content\/uploads\/2022\/11\/Arcus-ES.png 943w, https:\/\/www.jawa.ch\/wp-content\/uploads\/2022\/11\/Arcus-ES-300x131.png 300w, https:\/\/www.jawa.ch\/wp-content\/uploads\/2022\/11\/Arcus-ES-768x336.png 768w\" sizes=\"auto, (max-width: 943px) 100vw, 943px\" \/><\/p>\n<p>Arcus &#8211; Ein modernes Eigenstart-Segelflugzeug f\u00fcr zwei Piloten. Eine Haltergemeinschaft auf dem Flugplatz Grenchen betreibt diese Orchidee. Ab und zu darf ich mitfliegen und meine Jahreskontrollfl\u00fcge damit machen. Zwei der Besitzer sind sogar Fluglehrer-Experten&#8230;.<\/p>\n<p>&nbsp;<\/p>\n","protected":false},"excerpt":{"rendered":"<p>Diese Seiten handeln von meiner Leidenschaft, dem Fliegen. Wie alles begann Die nachfolgenden Bilder zeigen alle Flugzeugtypen auf, welche ich jemals geflogen bin. Leider habe ich nicht von allen Flugzeugen Original-Bilder, so dass ich bei einigen Flugzeugen auf Bilder von Wikipedia zur\u00fcckgreifen musste. Meine &#8222;fliegerische&#8220; Karriere begann mit Papier- und Modellflugzeugen wie der &#8222;Kleine UHU&#8220;, [&hellip;]<\/p>\n","protected":false},"author":1,"featured_media":0,"parent":0,"menu_order":0,"comment_status":"closed","ping_status":"closed","template":"","meta":{"footnotes":""},"class_list":["post-12","page","type-page","status-publish","hentry"],"_links":{"self":[{"href":"https:\/\/www.jawa.ch\/index.php?rest_route=\/wp\/v2\/pages\/12","targetHints":{"allow":["GET"]}}],"collection":[{"href":"https:\/\/www.jawa.ch\/index.php?rest_route=\/wp\/v2\/pages"}],"about":[{"href":"https:\/\/www.jawa.ch\/index.php?rest_route=\/wp\/v2\/types\/page"}],"author":[{"embeddable":true,"href":"https:\/\/www.jawa.ch\/index.php?rest_route=\/wp\/v2\/users\/1"}],"replies":[{"embeddable":true,"href":"https:\/\/www.jawa.ch\/index.php?rest_route=%2Fwp%2Fv2%2Fcomments&post=12"}],"version-history":[{"count":32,"href":"https:\/\/www.jawa.ch\/index.php?rest_route=\/wp\/v2\/pages\/12\/revisions"}],"predecessor-version":[{"id":163,"href":"https:\/\/www.jawa.ch\/index.php?rest_route=\/wp\/v2\/pages\/12\/revisions\/163"}],"wp:attachment":[{"href":"https:\/\/www.jawa.ch\/index.php?rest_route=%2Fwp%2Fv2%2Fmedia&parent=12"}],"curies":[{"name":"wp","href":"https:\/\/api.w.org\/{rel}","templated":true}]}}